{"id":21,"date":"2021-04-13T12:47:41","date_gmt":"2021-04-13T12:47:41","guid":{"rendered":"http:\/\/matrixsanos.com\/?page_id=21"},"modified":"2021-09-05T13:58:43","modified_gmt":"2021-09-05T13:58:43","slug":"a-propos","status":"publish","type":"page","link":"https:\/\/matrixsanos.com\/zh\/a-propos\/","title":{"rendered":"\u5173\u4e8e"},"content":{"rendered":"<div data-elementor-type=\"wp-page\" data-elementor-id=\"21\" class=\"elementor elementor-21\" data-elementor-post-type=\"page\">\n\t\t\t\t\t\t<section class=\"elementor-section elementor-top-section elementor-element elementor-element-75b97b2 elementor-section-height-min-height elementor-section-boxed elementor-section-height-default elementor-section-items-middle\" data-id=\"75b97b2\" data-element_type=\"section\" data-e-type=\"section\" data-settings=\"{&quot;background_background&quot;:&quot;classic&quot;}\">\n\t\t\t\t\t\t<div class=\"elementor-container elementor-column-gap-default\">\n\t\t\t\t\t<div class=\"elementor-column elementor-col-100 elementor-top-column elementor-element elementor-element-c1362cf\" data-id=\"c1362cf\" data-element_type=\"column\" data-e-type=\"column\">\n\t\t\t<div class=\"elementor-widget-wrap elementor-element-populated\">\n\t\t\t\t\t\t<div class=\"elementor-element elementor-element-5d0e96e elementor-widget elementor-widget-heading\" data-id=\"5d0e96e\" data-element_type=\"widget\" data-e-type=\"widget\" data-widget_type=\"heading.default\">\n\t\t\t\t<div class=\"elementor-widget-container\">\n\t\t\t\t\t<h1 class=\"elementor-heading-title elementor-size-default\">\u6211\u4eec\u662f\u8c01\uff1f<\/h1>\t\t\t\t<\/div>\n\t\t\t\t<\/div>\n\t\t\t\t<div class=\"elementor-element elementor-element-dcbe9d6 elementor-widget-divider--view-line elementor-widget elementor-widget-divider\" data-id=\"dcbe9d6\" data-element_type=\"widget\" data-e-type=\"widget\" data-widget_type=\"divider.default\">\n\t\t\t\t<div class=\"elementor-widget-container\">\n\t\t\t\t\t\t\t<div class=\"elementor-divider\">\n\t\t\t<span class=\"elementor-divider-separator\">\n\t\t\t\t\t\t<\/span>\n\t\t<\/div>\n\t\t\t\t\t\t<\/div>\n\t\t\t\t<\/div>\n\t\t\t\t\t<\/div>\n\t\t<\/div>\n\t\t\t\t\t<\/div>\n\t\t<\/section>\n\t\t\t\t<section class=\"elementor-section elementor-top-section elementor-element elementor-element-6687303 elementor-section-boxed elementor-section-height-default elementor-section-height-default\" data-id=\"6687303\" data-element_type=\"section\" data-e-type=\"section\">\n\t\t\t\t\t\t<div class=\"elementor-container elementor-column-gap-default\">\n\t\t\t\t\t<div class=\"elementor-column elementor-col-100 elementor-top-column elementor-element elementor-element-a2385e0\" data-id=\"a2385e0\" data-element_type=\"column\" data-e-type=\"column\">\n\t\t\t<div class=\"elementor-widget-wrap elementor-element-populated\">\n\t\t\t\t\t\t<div class=\"elementor-element elementor-element-ec967c8 elementor-widget elementor-widget-heading\" data-id=\"ec967c8\" data-element_type=\"widget\" data-e-type=\"widget\" data-widget_type=\"heading.default\">\n\t\t\t\t<div class=\"elementor-widget-container\">\n\t\t\t\t\t<h2 class=\"elementor-heading-title elementor-size-default\">\u6211\u4eec\u7684\u5efa\u8bae\u662f\u4ec0\u4e48\uff1f<\/h2>\t\t\t\t<\/div>\n\t\t\t\t<\/div>\n\t\t\t\t<div class=\"elementor-element elementor-element-7424c4c elementor-widget-divider--view-line elementor-widget elementor-widget-divider\" data-id=\"7424c4c\" data-element_type=\"widget\" data-e-type=\"widget\" data-widget_type=\"divider.default\">\n\t\t\t\t<div class=\"elementor-widget-container\">\n\t\t\t\t\t\t\t<div class=\"elementor-divider\">\n\t\t\t<span class=\"elementor-divider-separator\">\n\t\t\t\t\t\t<\/span>\n\t\t<\/div>\n\t\t\t\t\t\t<\/div>\n\t\t\t\t<\/div>\n\t\t\t\t<section class=\"elementor-section elementor-inner-section elementor-element elementor-element-e0ed8fb elementor-section-boxed elementor-section-height-default elementor-section-height-default\" data-id=\"e0ed8fb\" data-element_type=\"section\" data-e-type=\"section\">\n\t\t\t\t\t\t<div class=\"elementor-container elementor-column-gap-default\">\n\t\t\t\t\t<div class=\"elementor-column elementor-col-50 elementor-inner-column elementor-element elementor-element-cb41058\" data-id=\"cb41058\" data-element_type=\"column\" data-e-type=\"column\">\n\t\t\t<div class=\"elementor-widget-wrap elementor-element-populated\">\n\t\t\t\t\t\t<div class=\"elementor-element elementor-element-c4f2c2c elementor-widget elementor-widget-text-editor\" data-id=\"c4f2c2c\" data-element_type=\"widget\" data-e-type=\"widget\" data-widget_type=\"text-editor.default\">\n\t\t\t\t<div class=\"elementor-widget-container\">\n\t\t\t\t\t\t\t\t\t<p>Matrixsanos\u3002 <b>\u60a8\u7684\u5236\u9020\u5546\u00a0<\/b>\u00a0 \u00a0<\/p><p>- \u94ec\u9488\u4eea\u5668\u3002<\/p><p>\u4e3a\u6cbb\u7597\u5e08\u548c\u4e2a\u4eba\u4f7f\u7528\u7684\u7279\u6b8a\u4ea7\u54c1\u3002\u00a0<\/p><p>- \u8d85\u58f0\u6ce2STOP\u9ec4\u9f20\u72fc\uff0c\u9632\u6b62\u5b83\u4eec\u5728\u4f60\u4e0d\u5728\u7684\u65f6\u5019\u5543\u54ac\u6c7d\u8f66\u7535\u7ebf\u6216\u5728\u4f60\u7684\u5bb6\u91cc\u5c45\u4f4f\u3002<\/p><p>\u00a0<\/p><p>- \u7528\u4e8e\u751f\u4ea7\u94f6\u3001\u94dc\u548c\u5176\u4ed6\u80f6\u4f53\u7684\u4eea\u5668\u3002<\/p><p><b>\u6211\u4eec\u968f\u65f6\u51c6\u5907\u542c\u53d6\u60a8\u7684\u610f\u89c1\uff0c\u4ee5\u4fbf\u5f00\u53d1\u548c\u6539\u8fdb\u6211\u4eec\u7684\u4ea7\u54c1\u3002\u00a0<\/b><\/p><p>\u77e9\u9635\u8428\u8bfa\u65af\u00a0<\/p><p>\u77ff\u6e23\u5806 7<\/p><p>1262 \u827e\u8f9b\u65af\u00a0<\/p><p>+41 22 595 12 26 | info@matrixsanos.com<\/p><p>\u00a0<\/p><p>\u53ef\u901a\u8fc7\u9884\u7ea6\u5728\u8f66\u95f4\u8fdb\u884c\u3002<\/p><p><span style=\"color: var( --e-global-color-text ); font-size: 1rem;\">\u5468\u4e09\u548c\u5468\u4e94\u00a0<\/span><\/p><p><span style=\"color: var( --e-global-color-text ); font-size: 1rem;\">8:00-12:00<\/span><\/p><p>13:00-17:00\u00a0<\/p><p>\u00a0<\/p>\t\t\t\t\t\t\t\t<\/div>\n\t\t\t\t<\/div>\n\t\t\t\t\t<\/div>\n\t\t<\/div>\n\t\t\t\t<div class=\"elementor-column elementor-col-50 elementor-inner-column elementor-element elementor-element-f11025a\" data-id=\"f11025a\" data-element_type=\"column\" data-e-type=\"column\">\n\t\t\t<div class=\"elementor-widget-wrap elementor-element-populated\">\n\t\t\t\t\t\t<div class=\"elementor-element elementor-element-198db62 elementor-widget elementor-widget-image\" data-id=\"198db62\" data-element_type=\"widget\" data-e-type=\"widget\" data-widget_type=\"image.default\">\n\t\t\t\t<div class=\"elementor-widget-container\">\n\t\t\t\t\t\t\t\t\t\t\t\t\t\t\t<img fetchpriority=\"high\" decoding=\"async\" width=\"800\" height=\"533\" src=\"https:\/\/matrixsanos.com\/wp-content\/uploads\/2021\/04\/nature-produits-1024x682.jpg\" class=\"attachment-large size-large wp-image-131\" alt=\"\" srcset=\"https:\/\/matrixsanos.com\/wp-content\/uploads\/2021\/04\/nature-produits-1024x682.jpg 1024w, https:\/\/matrixsanos.com\/wp-content\/uploads\/2021\/04\/nature-produits-300x200.jpg 300w, https:\/\/matrixsanos.com\/wp-content\/uploads\/2021\/04\/nature-produits-768x512.jpg 768w, https:\/\/matrixsanos.com\/wp-content\/uploads\/2021\/04\/nature-produits-600x400.jpg 600w, https:\/\/matrixsanos.com\/wp-content\/uploads\/2021\/04\/nature-produits.jpg 1250w\" sizes=\"(max-width: 800px) 100vw, 800px\" \/>\t\t\t\t\t\t\t\t\t\t\t\t\t\t\t<\/div>\n\t\t\t\t<\/div>\n\t\t\t\t\t<\/div>\n\t\t<\/div>\n\t\t\t\t\t<\/div>\n\t\t<\/section>\n\t\t\t\t\t<\/div>\n\t\t<\/div>\n\t\t\t\t\t<\/div>\n\t\t<\/section>\n\t\t\t\t<\/div>","protected":false},"excerpt":{"rendered":"<p>Qui sommes nous ? Que proposons-nous ? Matrixsanos, votre fabricant&nbsp;&nbsp; &nbsp; &#8211;&nbsp; d&rsquo;instruments de&nbsp; chromopuncture. Produits sp\u00e9ciaux pour les th\u00e9rapeutes et \u00e0 usage personnel.&nbsp; &#8211; d&rsquo;appareils \u00e0 ultrasons STOP fouines pour emp\u00eacher qu&rsquo;elles rongent les fils des autos ou s&rsquo;installent chez vous en votre absence. &#8211; d&rsquo;instruments permettant de produire des colloides d&rsquo;argent,&nbsp; de cuivre [&hellip;]<\/p>\n","protected":false},"author":1,"featured_media":0,"parent":0,"menu_order":0,"comment_status":"closed","ping_status":"open","template":"elementor_header_footer","meta":{"footnotes":""},"class_list":["post-21","page","type-page","status-publish","hentry"],"_links":{"self":[{"href":"https:\/\/matrixsanos.com\/zh\/wp-json\/wp\/v2\/pages\/21","targetHints":{"allow":["GET"]}}],"collection":[{"href":"https:\/\/matrixsanos.com\/zh\/wp-json\/wp\/v2\/pages"}],"about":[{"href":"https:\/\/matrixsanos.com\/zh\/wp-json\/wp\/v2\/types\/page"}],"author":[{"embeddable":true,"href":"https:\/\/matrixsanos.com\/zh\/wp-json\/wp\/v2\/users\/1"}],"replies":[{"embeddable":true,"href":"https:\/\/matrixsanos.com\/zh\/wp-json\/wp\/v2\/comments?post=21"}],"version-history":[{"count":6,"href":"https:\/\/matrixsanos.com\/zh\/wp-json\/wp\/v2\/pages\/21\/revisions"}],"predecessor-version":[{"id":724,"href":"https:\/\/matrixsanos.com\/zh\/wp-json\/wp\/v2\/pages\/21\/revisions\/724"}],"wp:attachment":[{"href":"https:\/\/matrixsanos.com\/zh\/wp-json\/wp\/v2\/media?parent=21"}],"curies":[{"name":"wp","href":"https:\/\/api.w.org\/{rel}","templated":true}]}}