{"id":168,"date":"2021-04-15T14:20:47","date_gmt":"2021-04-15T14:20:47","guid":{"rendered":"http:\/\/matrixsanos.com\/?post_type=product&#038;p=168"},"modified":"2024-04-06T20:16:52","modified_gmt":"2024-04-06T20:16:52","slug":"dr-f-pagnamenta-cromoterapia-di-base","status":"publish","type":"product","link":"https:\/\/matrixsanos.com\/it\/prodotto\/dr-f-pagnamenta-cromoterapia-di-base\/","title":{"rendered":"Dr. F. Pagnamenta: Cromoterapia di base"},"content":{"rendered":"<div id=\"ProductIntroduction-P888\" class=\"GC11 ProductIntroduction\">\n<p>Come possono i colori e la luce far dormire un bambino se \u00e8 sveglio per qualche ora ogni notte? Come si pu\u00f2 migliorare il rendimento scolastico di un bambino di mezza et\u00e0, stupendo genitori e insegnanti? Il dottor Pagnamenta racconta con umorismo e passione come \u00e8 arrivato a questa medicina della \"luce colorata\" al termine di una lunga e intensa carriera professionale.<br \/>\nIn questo manuale di diagnosi pediatrica, descrive in modo semplice e comprensibile alle mamme, cos'\u00e8 e come si usa la cromopuntura, la pi\u00f9 morbida delle punture che si effettua con la luce colorata che brilla sulla pelle.<br \/>\nCome pediatra di lungo corso, spiega con semplicit\u00e0 i sintomi pi\u00f9 comuni nei bambini e nei ragazzi, per i quali la medicina moderna non solo non fornisce una soluzione, ma offre anche un trattamento efficace: dalle coliche del bambino al panico emotivo, dall'insonnia alle allergie pi\u00f9 insolite.<\/p>\n<p>Come medico che pratica la cromopuntura e la insegna da anni, descrive le ragioni per cui la luce colorata agisce non solo sul corpo, ma anche sulla mente, modificando in modo dolce e profondo gli equilibri energetici che hanno causato i disturbi.<br \/>\nTutti possono sperimentare questa terapia, sia con strumenti costruiti in modo professionale, sia utilizzando una lampadina semplice e facile da usare, coperta da un foglio di plastica colorato.<br \/>\nII Iibro \u00e8 il risultato di molte esperienze di bambini trattati con cromopuntura: le loro reazioni sono spesso piene di umorismo e di profonda emozione.<\/p>\n<\/div>\n<div id=\"ProductDescription-P888\" class=\"GC12 ProductDescription\">\n<p>Questo libro \u00e8 una nuova edizione dl Cromoterapia per Bambini, rinnovata nei contenuti e nella grafica avendo raggiunto l'et\u00e0 adulta con dieci edizioni in vent'anni di vita.<br \/>\n\u00c8 stato aggiunto un capitolo sull'evoluzione della cromopuntura in questi ultimi anni, sulle nuove ricerche terapeutiche, sulla diagnosi energetica e sulla descrizione di alcune nuove terapie.<br \/>\nIl titolo \u00e8 stato cambiato perch\u00e9 si pensava che il titolo precedente fosse dedicato solo ai bambini, mentre le terapie di base descritte riguardano sia i bambini che gli adulti.<\/p>\n<p>Fausto Pagnamenta, pediatra, pratica la cromopuntura dal 1989 e da allora non ha pi\u00f9 tenuto seminari.<br \/>\nHa pubblicato Cromoterapia per Bambini in italiano, tedesco, francese, inglese, portoghese, russo e cinese. Sulla pala \u00e8 scritto tutto in italiano e in russo, Dolori e Colori in italiano.<\/p>\n<p><a href=\"http:\/\/www.the-colors.ch\/\" target=\"_blank\" rel=\"noopener\">http:\/\/www.the-colors.ch\/<\/a><\/p>\n<\/div>","protected":false},"excerpt":{"rendered":"<div id=\"ProductIntroduction-P888\" class=\"GC11 ProductIntroduction\">\n<p>Come possono i colori e la luce far dormire un bambino se \u00e8 sveglio per qualche ora ogni notte? Come si pu\u00f2 migliorare il rendimento scolastico di un bambino di mezza et\u00e0, stupendo genitori e insegnanti? Il dottor Pagnamenta racconta con umorismo e passione come \u00e8 arrivato a questa medicina della \"luce colorata\" al termine di una lunga e intensa carriera professionale.<br \/>\nIn questo manuale di diagnosi pediatrica, descrive in modo semplice e comprensibile alle mamme, cos'\u00e8 e come si usa la cromopuntura, la pi\u00f9 morbida delle punture che si effettua con la luce colorata che brilla sulla pelle.<br \/>\nCome pediatra di lungo corso, spiega con semplicit\u00e0 i sintomi pi\u00f9 comuni nei bambini e nei ragazzi, per i quali la medicina moderna non solo non fornisce una soluzione, ma offre anche un trattamento efficace: dalle coliche del bambino al panico emotivo, dall'insonnia alle allergie pi\u00f9 insolite.<\/p>\n<p>Come medico che pratica la cromopuntura e la insegna da anni, descrive le ragioni per cui la luce colorata agisce non solo sul corpo, ma anche sulla mente, modificando in modo dolce e profondo gli equilibri energetici che hanno causato i disturbi.<br \/>\nTutti possono sperimentare questa terapia, sia con strumenti costruiti in modo professionale, sia utilizzando una lampadina semplice e facile da usare, coperta da un foglio di plastica colorato.<br \/>\nII Iibro \u00e8 il risultato di molte esperienze di bambini trattati con cromopuntura: le loro reazioni sono spesso piene di umorismo e di profonda emozione.<\/p>\n<\/div>\n<div id=\"ProductDescription-P888\" class=\"GC12 ProductDescription\">\n<p>Questo libro \u00e8 una nuova edizione dl Cromoterapia per Bambini, rinnovata nei contenuti e nella grafica avendo raggiunto l'et\u00e0 adulta con dieci edizioni in vent'anni di vita.<br \/>\n\u00c8 stato aggiunto un capitolo sull'evoluzione della cromopuntura in questi ultimi anni, sulle nuove ricerche terapeutiche, sulla diagnosi energetica e sulla descrizione di alcune nuove terapie.<br \/>\nIl titolo \u00e8 stato cambiato perch\u00e9 si pensava che il titolo precedente fosse dedicato solo ai bambini, mentre le terapie di base descritte riguardano sia i bambini che gli adulti.<\/p>\n<p>Fausto Pagnamenta, pediatra, pratica la cromopuntura dal 1989 e da allora non ha pi\u00f9 tenuto seminari.<br \/>\nHa pubblicato Cromoterapia per Bambini in italiano, tedesco, francese, inglese, portoghese, russo e cinese. Sulla pala \u00e8 scritto tutto in italiano e in russo, Dolori e Colori in italiano.<\/p>\n<p><a href=\"http:\/\/www.the-colors.ch\/\" target=\"_blank\" rel=\"noopener\">http:\/\/www.the-colors.ch\/<\/a><\/p>\n<\/div>","protected":false},"featured_media":169,"comment_status":"open","ping_status":"open","template":"","meta":[],"product_brand":[],"product_cat":[23],"product_tag":[],"class_list":{"0":"post-168","1":"product","2":"type-product","3":"status-publish","4":"has-post-thumbnail","6":"product_cat-livres","8":"first","9":"instock","10":"shipping-taxable","11":"purchasable","12":"product-type-simple"},"_links":{"self":[{"href":"https:\/\/matrixsanos.com\/it\/wp-json\/wp\/v2\/product\/168","targetHints":{"allow":["GET"]}}],"collection":[{"href":"https:\/\/matrixsanos.com\/it\/wp-json\/wp\/v2\/product"}],"about":[{"href":"https:\/\/matrixsanos.com\/it\/wp-json\/wp\/v2\/types\/product"}],"replies":[{"embeddable":true,"href":"https:\/\/matrixsanos.com\/it\/wp-json\/wp\/v2\/comments?post=168"}],"version-history":[{"count":1,"href":"https:\/\/matrixsanos.com\/it\/wp-json\/wp\/v2\/product\/168\/revisions"}],"predecessor-version":[{"id":695,"href":"https:\/\/matrixsanos.com\/it\/wp-json\/wp\/v2\/product\/168\/revisions\/695"}],"wp:featuredmedia":[{"embeddable":true,"href":"https:\/\/matrixsanos.com\/it\/wp-json\/wp\/v2\/media\/169"}],"wp:attachment":[{"href":"https:\/\/matrixsanos.com\/it\/wp-json\/wp\/v2\/media?parent=168"}],"wp:term":[{"taxonomy":"product_brand","embeddable":true,"href":"https:\/\/matrixsanos.com\/it\/wp-json\/wp\/v2\/product_brand?post=168"},{"taxonomy":"product_cat","embeddable":true,"href":"https:\/\/matrixsanos.com\/it\/wp-json\/wp\/v2\/product_cat?post=168"},{"taxonomy":"product_tag","embeddable":true,"href":"https:\/\/matrixsanos.com\/it\/wp-json\/wp\/v2\/product_tag?post=168"}],"curies":[{"name":"wp","href":"https:\/\/api.w.org\/{rel}","templated":true}]}}