{"id":172,"date":"2021-04-15T14:23:59","date_gmt":"2021-04-15T14:23:59","guid":{"rendered":"http:\/\/matrixsanos.com\/?post_type=product&#038;p=172"},"modified":"2024-04-06T20:18:31","modified_gmt":"2024-04-06T20:18:31","slug":"dr-f-pagnamenta-chromotherapie-pour-les-enfants","status":"publish","type":"product","link":"https:\/\/matrixsanos.com\/es\/producto\/dr-f-pagnamenta-chromotherapie-pour-les-enfants\/","title":{"rendered":"Dr. F. Pagnamenta: Cromoterapia para ni\u00f1os"},"content":{"rendered":"<div id=\"ProductIntroduction-P890\" class=\"GC11 ProductIntroduction\">Dr. Neeresh F. Pagnamenta: Cromoterapia para ni\u00f1os<\/div>\n<div id=\"ProductDescription-P890\" class=\"GC12 ProductDescription\">\n<p>\u00bfPuede una simple luz de colores hacer que un ni\u00f1o que se despierta veinte veces por la noche se duerma, o mejorar los resultados escolares de un escolar, para asombro de sus padres y profesores? El Dr. Pagnamenta cuenta con humor y pasi\u00f3n c\u00f3mo, tras una larga e intensa carrera profesional, lleg\u00f3 a esta medicina de la \"luz coloreada\".<br \/>\nEn este libro describe de forma sencilla qu\u00e9 es la cromopuntura y c\u00f3mo utilizarla. Una luz de color en la piel es el m\u00e1s suave de los pinchazos. Gracias a sus muchos a\u00f1os de experiencia como pediatra, explica de forma sencilla los s\u00edntomas m\u00e1s comunes de los ni\u00f1os, tanto grandes como peque\u00f1os. Ahora tenemos un arma para los c\u00f3licos del reci\u00e9n nacido, el dolor de barriga emocional, el dolor de cabeza, la falta de apetito, el insomnio infantil, las alergias m\u00e1s inusuales. Todos podemos experimentar esta t\u00e9cnica, ya sea con los instrumentos profesionales adecuados o utilizando una simple linterna con forma de bol\u00edgrafo cubierta con una l\u00e1mina de pl\u00e1stico de color. Neeresh Pagnamenta, m\u00e9dico que practica y ense\u00f1a la cromoterapia a los padres desde hace muchos a\u00f1os, describe las razones por las que la luz de color act\u00faa no s\u00f3lo en nuestro cuerpo sino tambi\u00e9n en nuestra psique. Las enfermedades de nuestros hijos, causadas por desequilibrios energ\u00e9ticos, se curar\u00e1n as\u00ed con esta terapia suave y profunda.<\/p>\n<\/div>","protected":false},"excerpt":{"rendered":"<div id=\"ProductIntroduction-P890\" class=\"GC11 ProductIntroduction\">Dr. Neeresh F. Pagnamenta: Cromoterapia para ni\u00f1os<\/div>\n<div id=\"ProductDescription-P890\" class=\"GC12 ProductDescription\">\n<p>\u00bfPuede una simple luz de colores hacer que un ni\u00f1o que se despierta veinte veces por la noche se duerma, o mejorar los resultados escolares de un escolar, para asombro de sus padres y profesores? El Dr. Pagnamenta cuenta con humor y pasi\u00f3n c\u00f3mo, tras una larga e intensa carrera profesional, lleg\u00f3 a esta medicina de la \"luz coloreada\".<br \/>\nEn este libro describe de forma sencilla qu\u00e9 es la cromopuntura y c\u00f3mo utilizarla. Una luz de color en la piel es el m\u00e1s suave de los pinchazos. Gracias a sus muchos a\u00f1os de experiencia como pediatra, explica de forma sencilla los s\u00edntomas m\u00e1s comunes de los ni\u00f1os, tanto grandes como peque\u00f1os. Ahora tenemos un arma para los c\u00f3licos del reci\u00e9n nacido, el dolor de barriga emocional, el dolor de cabeza, la falta de apetito, el insomnio infantil, las alergias m\u00e1s inusuales. Todos podemos experimentar esta t\u00e9cnica, ya sea con los instrumentos profesionales adecuados o utilizando una simple linterna con forma de bol\u00edgrafo cubierta con una l\u00e1mina de pl\u00e1stico de color. Neeresh Pagnamenta, m\u00e9dico que practica y ense\u00f1a la cromoterapia a los padres desde hace muchos a\u00f1os, describe las razones por las que la luz de color act\u00faa no s\u00f3lo en nuestro cuerpo sino tambi\u00e9n en nuestra psique. Las enfermedades de nuestros hijos, causadas por desequilibrios energ\u00e9ticos, se curar\u00e1n as\u00ed con esta terapia suave y profunda.<\/p>\n<\/div>","protected":false},"featured_media":173,"comment_status":"open","ping_status":"open","template":"","meta":[],"product_brand":[],"product_cat":[23],"product_tag":[],"class_list":{"0":"post-172","1":"product","2":"type-product","3":"status-publish","4":"has-post-thumbnail","6":"product_cat-livres","8":"first","9":"instock","10":"shipping-taxable","11":"purchasable","12":"product-type-simple"},"_links":{"self":[{"href":"https:\/\/matrixsanos.com\/es\/wp-json\/wp\/v2\/product\/172","targetHints":{"allow":["GET"]}}],"collection":[{"href":"https:\/\/matrixsanos.com\/es\/wp-json\/wp\/v2\/product"}],"about":[{"href":"https:\/\/matrixsanos.com\/es\/wp-json\/wp\/v2\/types\/product"}],"replies":[{"embeddable":true,"href":"https:\/\/matrixsanos.com\/es\/wp-json\/wp\/v2\/comments?post=172"}],"version-history":[{"count":0,"href":"https:\/\/matrixsanos.com\/es\/wp-json\/wp\/v2\/product\/172\/revisions"}],"wp:featuredmedia":[{"embeddable":true,"href":"https:\/\/matrixsanos.com\/es\/wp-json\/wp\/v2\/media\/173"}],"wp:attachment":[{"href":"https:\/\/matrixsanos.com\/es\/wp-json\/wp\/v2\/media?parent=172"}],"wp:term":[{"taxonomy":"product_brand","embeddable":true,"href":"https:\/\/matrixsanos.com\/es\/wp-json\/wp\/v2\/product_brand?post=172"},{"taxonomy":"product_cat","embeddable":true,"href":"https:\/\/matrixsanos.com\/es\/wp-json\/wp\/v2\/product_cat?post=172"},{"taxonomy":"product_tag","embeddable":true,"href":"https:\/\/matrixsanos.com\/es\/wp-json\/wp\/v2\/product_tag?post=172"}],"curies":[{"name":"wp","href":"https:\/\/api.w.org\/{rel}","templated":true}]}}