{"id":170,"date":"2021-04-15T14:22:26","date_gmt":"2021-04-15T14:22:26","guid":{"rendered":"http:\/\/matrixsanos.com\/?post_type=product&#038;p=170"},"modified":"2024-04-06T20:19:10","modified_gmt":"2024-04-06T20:19:10","slug":"dr-f-pagnamenta-children-in-the-light","status":"publish","type":"product","link":"https:\/\/matrixsanos.com\/es\/producto\/dr-f-pagnamenta-children-in-the-light\/","title":{"rendered":"Dr. F. Pagnamenta: Ni\u00f1os a la luz"},"content":{"rendered":"<p>El Dr. Neeresh F. Pagnamenta naci\u00f3 en 1939 en Lugano\/Suiza. Estudi\u00f3 Ciencias M\u00e9dicas en la Universidad de Berna y complet\u00f3 su formaci\u00f3n especializada en Pediatr\u00eda en Ginebra.<br \/>\nFue profesor de pediatr\u00eda y trabaj\u00f3 durante un a\u00f1o como jefe del departamento de pediatr\u00eda para enfermedades infecciosas y neonatolog\u00eda en la Universidad de Constantina, en Argelia.<\/p>\n<p>En 1973, fue nombrado jefe del departamento de pediatr\u00eda del \"Kreisspital\" de Locarno (Suiza). Introdujo muchas mejoras en toda Suiza durante sus 13 a\u00f1os como jefe de departamento. En 1974, por ejemplo, su departamento fue el primero en Suiza en permitir tiempos de visita ilimitados para los padres de ni\u00f1os enfermos. Adem\u00e1s, introdujo el \"parto suave\" en 1975, junto con el Dr. F. Leboyer y el departamento de Obstetricia con su Jefe el Dr. Zarro.<br \/>\nEn 1983, su b\u00fasqueda personal le llev\u00f3 al l\u00edder espiritual Osho.<br \/>\nEn 1986, dej\u00f3 su puesto de jefe de departamento en Locarno. Dos a\u00f1os despu\u00e9s, en Alemania, conoci\u00f3 a Peter Mandel, fundador del An\u00e1lisis de Emisiones Energ\u00e9ticas y de la Colorpuntura. Despu\u00e9s de estudiar detalladamente en los seminarios de Peter Mandel, el Dr. Pagnamenta ahora trata a ni\u00f1os y adultos exclusivamente y con \u00e9xito con la colorpuntura.<\/p>","protected":false},"excerpt":{"rendered":"<p>El Dr. Neeresh F. Pagnamenta naci\u00f3 en 1939 en Lugano\/Suiza. Estudi\u00f3 Ciencias M\u00e9dicas en la Universidad de Berna y complet\u00f3 su formaci\u00f3n especializada en Pediatr\u00eda en Ginebra.<br \/>\nFue profesor de pediatr\u00eda y trabaj\u00f3 durante un a\u00f1o como jefe del departamento de pediatr\u00eda para enfermedades infecciosas y neonatolog\u00eda en la Universidad de Constantina, en Argelia.<\/p>\n<p>En 1973, fue nombrado jefe del departamento de pediatr\u00eda del \"Kreisspital\" de Locarno (Suiza). Introdujo muchas mejoras en toda Suiza durante sus 13 a\u00f1os como jefe de departamento. En 1974, por ejemplo, su departamento fue el primero en Suiza en permitir tiempos de visita ilimitados para los padres de ni\u00f1os enfermos. Adem\u00e1s, introdujo el \"parto suave\" en 1975, junto con el Dr. F. Leboyer y el departamento de Obstetricia con su Jefe el Dr. Zarro.<br \/>\nEn 1983, su b\u00fasqueda personal le llev\u00f3 al l\u00edder espiritual Osho.<br \/>\nEn 1986, dej\u00f3 su puesto de jefe de departamento en Locarno. Dos a\u00f1os despu\u00e9s, en Alemania, conoci\u00f3 a Peter Mandel, fundador del An\u00e1lisis de Emisiones Energ\u00e9ticas y de la Colorpuntura. Despu\u00e9s de estudiar detalladamente en los seminarios de Peter Mandel, el Dr. Pagnamenta ahora trata a ni\u00f1os y adultos exclusivamente y con \u00e9xito con la colorpuntura.<\/p>","protected":false},"featured_media":171,"comment_status":"open","ping_status":"open","template":"","meta":[],"product_brand":[],"product_cat":[23],"product_tag":[],"class_list":{"0":"post-170","1":"product","2":"type-product","3":"status-publish","4":"has-post-thumbnail","6":"product_cat-livres","8":"first","9":"instock","10":"shipping-taxable","11":"purchasable","12":"product-type-simple"},"_links":{"self":[{"href":"https:\/\/matrixsanos.com\/es\/wp-json\/wp\/v2\/product\/170","targetHints":{"allow":["GET"]}}],"collection":[{"href":"https:\/\/matrixsanos.com\/es\/wp-json\/wp\/v2\/product"}],"about":[{"href":"https:\/\/matrixsanos.com\/es\/wp-json\/wp\/v2\/types\/product"}],"replies":[{"embeddable":true,"href":"https:\/\/matrixsanos.com\/es\/wp-json\/wp\/v2\/comments?post=170"}],"version-history":[{"count":0,"href":"https:\/\/matrixsanos.com\/es\/wp-json\/wp\/v2\/product\/170\/revisions"}],"wp:featuredmedia":[{"embeddable":true,"href":"https:\/\/matrixsanos.com\/es\/wp-json\/wp\/v2\/media\/171"}],"wp:attachment":[{"href":"https:\/\/matrixsanos.com\/es\/wp-json\/wp\/v2\/media?parent=170"}],"wp:term":[{"taxonomy":"product_brand","embeddable":true,"href":"https:\/\/matrixsanos.com\/es\/wp-json\/wp\/v2\/product_brand?post=170"},{"taxonomy":"product_cat","embeddable":true,"href":"https:\/\/matrixsanos.com\/es\/wp-json\/wp\/v2\/product_cat?post=170"},{"taxonomy":"product_tag","embeddable":true,"href":"https:\/\/matrixsanos.com\/es\/wp-json\/wp\/v2\/product_tag?post=170"}],"curies":[{"name":"wp","href":"https:\/\/api.w.org\/{rel}","templated":true}]}}