{"id":168,"date":"2021-04-15T14:20:47","date_gmt":"2021-04-15T14:20:47","guid":{"rendered":"http:\/\/matrixsanos.com\/?post_type=product&#038;p=168"},"modified":"2024-04-06T20:16:52","modified_gmt":"2024-04-06T20:16:52","slug":"dr-f-pagnamenta-cromoterapia-di-base","status":"publish","type":"product","link":"https:\/\/matrixsanos.com\/es\/producto\/dr-f-pagnamenta-cromoterapia-di-base\/","title":{"rendered":"Dr. F. Pagnamenta: Cromoterapia di base"},"content":{"rendered":"<div id=\"ProductIntroduction-P888\" class=\"GC11 ProductIntroduction\">\n<p>\u00bfC\u00f3mo pueden los colores y la luz hacer que un ni\u00f1o duerma si est\u00e1 despierto unas horas cada noche? \u00bfC\u00f3mo se puede mejorar el rendimiento escolar de un ni\u00f1o de mediana edad, dejando estupefactos a padres y profesores? El Dr. Pagnamenta cuenta con humor y pasi\u00f3n c\u00f3mo lleg\u00f3 a esta medicina de \"luz de color\" al final de una larga e intensa carrera profesional.<br \/>\nEn este manual de diagn\u00f3stico pedi\u00e1trico, describe de forma sencilla y comprensible para las madres, qu\u00e9 es y c\u00f3mo utilizar la cromopuntura, el m\u00e1s suave de los pinchazos que se realiza con la luz de color que brilla sobre la piel.<br \/>\nComo pediatra de larga trayectoria, explica con sencillez los s\u00edntomas m\u00e1s comunes en los ni\u00f1os y j\u00f3venes, para los que la medicina moderna no s\u00f3lo no da soluci\u00f3n, sino que ofrece un tratamiento eficaz: desde el c\u00f3lico del ni\u00f1o hasta el p\u00e1nico emocional, pasando por el insomnio y las alergias m\u00e1s inusuales.<\/p>\n<p>Como m\u00e9dico que practica la cromopuntura y la ense\u00f1a desde hace a\u00f1os, describe las razones por las que la luz coloreada act\u00faa no s\u00f3lo sobre el cuerpo, sino tambi\u00e9n sobre la mente, cambiando de forma suave y profunda los equilibrios energ\u00e9ticos que han provocado las perturbaciones.<br \/>\nTodo el mundo puede experimentar esta terapia, ya sea con instrumentos profesionales construidos de forma profesional, o utilizando una lampadina sencilla y f\u00e1cil de usar, cubierta con una l\u00e1mina de pl\u00e1stico de color.<br \/>\nII Iibro es el resultado de muchas experiencias de ni\u00f1os tratados con cromopuntura: sus reacciones suelen estar llenas de humor y profunda emoci\u00f3n.<\/p>\n<\/div>\n<div id=\"ProductDescription-P888\" class=\"GC12 ProductDescription\">\n<p>Este libro es una nueva edici\u00f3n de la Cromoterapia para Ni\u00f1os, renovada en su contenido y en su gr\u00e1fica, despu\u00e9s de haber llegado a la edad adulta con diez ediciones en varios a\u00f1os de vida.<br \/>\nSe ha a\u00f1adido un cap\u00edtulo sobre la evoluci\u00f3n de la cromopuntura en estos \u00faltimos a\u00f1os, sobre las nuevas investigaciones terap\u00e9uticas, sobre el diagn\u00f3stico energ\u00e9tico y sobre la descripci\u00f3n de algunas nuevas terapias.<br \/>\nSe ha cambiado el t\u00edtulo porque se pensaba que el anterior estaba dedicado s\u00f3lo a los ni\u00f1os, mientras que las terapias b\u00e1sicas descritas se refieren tanto a los ni\u00f1os como a los adultos.<\/p>\n<p>Fausto Pagnamenta, pediatra, practica la cromopuntura desde 1989 y desde entonces no ha ofrecido ning\u00fan seminario.<br \/>\nHa publicado Cromoterapia per Bambini en italiano, tedesco, franc\u00e9s, ingl\u00e9s, portugu\u00e9s, ruso y chino. Todo est\u00e1 escrito en la pala en italiano y ruso, Dolori e Colori en italiano.<\/p>\n<p><a href=\"http:\/\/www.the-colors.ch\/\" target=\"_blank\" rel=\"noopener\">http:\/\/www.the-colors.ch\/<\/a><\/p>\n<\/div>","protected":false},"excerpt":{"rendered":"<div id=\"ProductIntroduction-P888\" class=\"GC11 ProductIntroduction\">\n<p>\u00bfC\u00f3mo pueden los colores y la luz hacer que un ni\u00f1o duerma si est\u00e1 despierto unas horas cada noche? \u00bfC\u00f3mo se puede mejorar el rendimiento escolar de un ni\u00f1o de mediana edad, dejando estupefactos a padres y profesores? El Dr. Pagnamenta cuenta con humor y pasi\u00f3n c\u00f3mo lleg\u00f3 a esta medicina de \"luz de color\" al final de una larga e intensa carrera profesional.<br \/>\nEn este manual de diagn\u00f3stico pedi\u00e1trico, describe de forma sencilla y comprensible para las madres, qu\u00e9 es y c\u00f3mo utilizar la cromopuntura, el m\u00e1s suave de los pinchazos que se realiza con la luz de color que brilla sobre la piel.<br \/>\nComo pediatra de larga trayectoria, explica con sencillez los s\u00edntomas m\u00e1s comunes en los ni\u00f1os y j\u00f3venes, para los que la medicina moderna no s\u00f3lo no da soluci\u00f3n, sino que ofrece un tratamiento eficaz: desde el c\u00f3lico del ni\u00f1o hasta el p\u00e1nico emocional, pasando por el insomnio y las alergias m\u00e1s inusuales.<\/p>\n<p>Como m\u00e9dico que practica la cromopuntura y la ense\u00f1a desde hace a\u00f1os, describe las razones por las que la luz coloreada act\u00faa no s\u00f3lo sobre el cuerpo, sino tambi\u00e9n sobre la mente, cambiando de forma suave y profunda los equilibrios energ\u00e9ticos que han provocado las perturbaciones.<br \/>\nTodo el mundo puede experimentar esta terapia, ya sea con instrumentos profesionales construidos de forma profesional, o utilizando una lampadina sencilla y f\u00e1cil de usar, cubierta con una l\u00e1mina de pl\u00e1stico de color.<br \/>\nII Iibro es el resultado de muchas experiencias de ni\u00f1os tratados con cromopuntura: sus reacciones suelen estar llenas de humor y profunda emoci\u00f3n.<\/p>\n<\/div>\n<div id=\"ProductDescription-P888\" class=\"GC12 ProductDescription\">\n<p>Este libro es una nueva edici\u00f3n de la Cromoterapia para Ni\u00f1os, renovada en su contenido y en su gr\u00e1fica, despu\u00e9s de haber llegado a la edad adulta con diez ediciones en varios a\u00f1os de vida.<br \/>\nSe ha a\u00f1adido un cap\u00edtulo sobre la evoluci\u00f3n de la cromopuntura en estos \u00faltimos a\u00f1os, sobre las nuevas investigaciones terap\u00e9uticas, sobre el diagn\u00f3stico energ\u00e9tico y sobre la descripci\u00f3n de algunas nuevas terapias.<br \/>\nSe ha cambiado el t\u00edtulo porque se pensaba que el anterior estaba dedicado s\u00f3lo a los ni\u00f1os, mientras que las terapias b\u00e1sicas descritas se refieren tanto a los ni\u00f1os como a los adultos.<\/p>\n<p>Fausto Pagnamenta, pediatra, practica la cromopuntura desde 1989 y desde entonces no ha ofrecido ning\u00fan seminario.<br \/>\nHa publicado Cromoterapia per Bambini en italiano, tedesco, franc\u00e9s, ingl\u00e9s, portugu\u00e9s, ruso y chino. Todo est\u00e1 escrito en la pala en italiano y ruso, Dolori e Colori en italiano.<\/p>\n<p><a href=\"http:\/\/www.the-colors.ch\/\" target=\"_blank\" rel=\"noopener\">http:\/\/www.the-colors.ch\/<\/a><\/p>\n<\/div>","protected":false},"featured_media":169,"comment_status":"open","ping_status":"open","template":"","meta":[],"product_brand":[],"product_cat":[23],"product_tag":[],"class_list":{"0":"post-168","1":"product","2":"type-product","3":"status-publish","4":"has-post-thumbnail","6":"product_cat-livres","8":"first","9":"instock","10":"shipping-taxable","11":"purchasable","12":"product-type-simple"},"_links":{"self":[{"href":"https:\/\/matrixsanos.com\/es\/wp-json\/wp\/v2\/product\/168","targetHints":{"allow":["GET"]}}],"collection":[{"href":"https:\/\/matrixsanos.com\/es\/wp-json\/wp\/v2\/product"}],"about":[{"href":"https:\/\/matrixsanos.com\/es\/wp-json\/wp\/v2\/types\/product"}],"replies":[{"embeddable":true,"href":"https:\/\/matrixsanos.com\/es\/wp-json\/wp\/v2\/comments?post=168"}],"version-history":[{"count":1,"href":"https:\/\/matrixsanos.com\/es\/wp-json\/wp\/v2\/product\/168\/revisions"}],"predecessor-version":[{"id":695,"href":"https:\/\/matrixsanos.com\/es\/wp-json\/wp\/v2\/product\/168\/revisions\/695"}],"wp:featuredmedia":[{"embeddable":true,"href":"https:\/\/matrixsanos.com\/es\/wp-json\/wp\/v2\/media\/169"}],"wp:attachment":[{"href":"https:\/\/matrixsanos.com\/es\/wp-json\/wp\/v2\/media?parent=168"}],"wp:term":[{"taxonomy":"product_brand","embeddable":true,"href":"https:\/\/matrixsanos.com\/es\/wp-json\/wp\/v2\/product_brand?post=168"},{"taxonomy":"product_cat","embeddable":true,"href":"https:\/\/matrixsanos.com\/es\/wp-json\/wp\/v2\/product_cat?post=168"},{"taxonomy":"product_tag","embeddable":true,"href":"https:\/\/matrixsanos.com\/es\/wp-json\/wp\/v2\/product_tag?post=168"}],"curies":[{"name":"wp","href":"https:\/\/api.w.org\/{rel}","templated":true}]}}