{"id":166,"date":"2021-04-15T14:18:33","date_gmt":"2021-04-15T14:18:33","guid":{"rendered":"http:\/\/matrixsanos.com\/?post_type=product&#038;p=166"},"modified":"2024-04-06T20:20:07","modified_gmt":"2024-04-06T20:20:07","slug":"penguin-anti-allergique-dispositif","status":"publish","type":"product","link":"https:\/\/matrixsanos.com\/es\/producto\/penguin-anti-allergique-dispositif\/","title":{"rendered":"Dispositivo antial\u00e9rgico Penguin"},"content":{"rendered":"<div id=\"ProductIntroduction-P878\" class=\"GC11 ProductIntroduction\">\n<p>Este simp\u00e1tico ping\u00fcino puede ayudarte con el goteo nasal y el ardor de ojos debido a la fiebre del heno.<\/p>\n<p>Uso compacto y eficaz para los resfriados al\u00e9rgicos, la secreci\u00f3n nasal y el ardor de ojos, la inflamaci\u00f3n de la nariz y los senos paranasales, etc. Los s\u00edntomas se alivian en cuesti\u00f3n de minutos.<\/p>\n<\/div>\n<div id=\"ProductDescription-P878\" class=\"GC12 ProductDescription\">\n<p><strong><span style=\"font-size: small\"><u>Dispositivo fototerap\u00e9utico antial\u00e9rgico<\/u><\/span><\/strong><\/p>\n<ul>\n<li>2x 3mm LED<\/li>\n<li>Longitud de onda 660 y 940nm +\/-10nm<\/li>\n<li>Tiempo de funcionamiento aprox. 3 minutos<\/li>\n<li>Apagado autom\u00e1tico<\/li>\n<li>Elecci\u00f3n de la energ\u00eda:<\/li>\n<li>- alta potencia para adultos<\/li>\n<li>- baja potencia para los ni\u00f1os<\/li>\n<li>Dos tubos nasales diferentes para ni\u00f1os y adultos<\/li>\n<li>Los tubos nasales y los cables pueden guardarse en la unidad<\/li>\n<li>Funciona con pilas comerciales (2x 1,5V tipo AAA)<\/li>\n<li>Entrega en bater\u00edas<\/li>\n<\/ul>\n<\/div>","protected":false},"excerpt":{"rendered":"<div id=\"ProductIntroduction-P878\" class=\"GC11 ProductIntroduction\">\n<p>Este simp\u00e1tico ping\u00fcino puede ayudarte con el goteo nasal y el ardor de ojos debido a la fiebre del heno.<\/p>\n<p>Uso compacto y eficaz para los resfriados al\u00e9rgicos, la secreci\u00f3n nasal y el ardor de ojos, la inflamaci\u00f3n de la nariz y los senos paranasales, etc. Los s\u00edntomas se alivian en cuesti\u00f3n de minutos.<\/p>\n<\/div>\n<div id=\"ProductDescription-P878\" class=\"GC12 ProductDescription\">\n<p><strong><span style=\"font-size: small\"><u>Dispositivo fototerap\u00e9utico antial\u00e9rgico<\/u><\/span><\/strong><\/p>\n<ul>\n<li>2x 3mm LED<\/li>\n<li>Longitud de onda 660 y 940nm +\/-10nm<\/li>\n<li>Tiempo de funcionamiento aprox. 3 minutos<\/li>\n<li>Apagado autom\u00e1tico<\/li>\n<li>Elecci\u00f3n de la energ\u00eda:<\/li>\n<li>- alta potencia para adultos<\/li>\n<li>- baja potencia para los ni\u00f1os<\/li>\n<li>Dos tubos nasales diferentes para ni\u00f1os y adultos<\/li>\n<li>Los tubos nasales y los cables pueden guardarse en la unidad<\/li>\n<li>Funciona con pilas comerciales (2x 1,5V tipo AAA)<\/li>\n<li>Entrega en bater\u00edas<\/li>\n<\/ul>\n<\/div>","protected":false},"featured_media":167,"comment_status":"open","ping_status":"open","template":"","meta":[],"product_brand":[],"product_cat":[21],"product_tag":[],"class_list":{"0":"post-166","1":"product","2":"type-product","3":"status-publish","4":"has-post-thumbnail","6":"product_cat-dispositif_anti-allergie","8":"first","9":"instock","10":"shipping-taxable","11":"purchasable","12":"product-type-simple"},"_links":{"self":[{"href":"https:\/\/matrixsanos.com\/es\/wp-json\/wp\/v2\/product\/166","targetHints":{"allow":["GET"]}}],"collection":[{"href":"https:\/\/matrixsanos.com\/es\/wp-json\/wp\/v2\/product"}],"about":[{"href":"https:\/\/matrixsanos.com\/es\/wp-json\/wp\/v2\/types\/product"}],"replies":[{"embeddable":true,"href":"https:\/\/matrixsanos.com\/es\/wp-json\/wp\/v2\/comments?post=166"}],"version-history":[{"count":0,"href":"https:\/\/matrixsanos.com\/es\/wp-json\/wp\/v2\/product\/166\/revisions"}],"wp:featuredmedia":[{"embeddable":true,"href":"https:\/\/matrixsanos.com\/es\/wp-json\/wp\/v2\/media\/167"}],"wp:attachment":[{"href":"https:\/\/matrixsanos.com\/es\/wp-json\/wp\/v2\/media?parent=166"}],"wp:term":[{"taxonomy":"product_brand","embeddable":true,"href":"https:\/\/matrixsanos.com\/es\/wp-json\/wp\/v2\/product_brand?post=166"},{"taxonomy":"product_cat","embeddable":true,"href":"https:\/\/matrixsanos.com\/es\/wp-json\/wp\/v2\/product_cat?post=166"},{"taxonomy":"product_tag","embeddable":true,"href":"https:\/\/matrixsanos.com\/es\/wp-json\/wp\/v2\/product_tag?post=166"}],"curies":[{"name":"wp","href":"https:\/\/api.w.org\/{rel}","templated":true}]}}