{"id":172,"date":"2021-04-15T14:23:59","date_gmt":"2021-04-15T14:23:59","guid":{"rendered":"http:\/\/matrixsanos.com\/?post_type=product&#038;p=172"},"modified":"2024-04-06T20:18:31","modified_gmt":"2024-04-06T20:18:31","slug":"dr-f-pagnamenta-chromotherapie-pour-les-enfants","status":"publish","type":"product","link":"https:\/\/matrixsanos.com\/de\/produkt\/dr-f-pagnamenta-chromotherapie-pour-les-enfants\/","title":{"rendered":"Dr. F. Pagnamenta: Farbtherapie f\u00fcr Kinder"},"content":{"rendered":"<div id=\"ProductIntroduction-P890\" class=\"GC11 ProductIntroduction\">Dr. Neeresh F. Pagnamenta: Farbtherapie f\u00fcr Kinder<\/div>\n<div id=\"ProductDescription-P890\" class=\"GC12 ProductDescription\">\n<p>Kann ein farbiges Licht ein Kind, das zwanzig Mal in der Nacht aufwacht, zum Schlafen bringen oder die schulischen Leistungen eines Sch\u00fclers zum Erstaunen seiner Eltern und Lehrer verbessern? Dr. Pagnamenta erz\u00e4hlt mit Humor und Leidenschaft, wie er nach einer langen und intensiven beruflichen Laufbahn zu dieser Medizin des \"farbigen Lichts\" gelangt ist.<br \/>\nIn diesem Buch beschreibt er auf einfache Weise, was Chromopunktur ist und wie man sie anwendet. Ein farbiges Licht auf der Haut ist der sanfteste Stich, den man sich vorstellen kann. Dank seiner langj\u00e4hrigen Erfahrung als Kinderarzt erkl\u00e4rt er uns auf einfache Weise die h\u00e4ufigsten Symptome bei gro\u00dfen und kleinen Kindern. Wir haben nun eine Waffe gegen Koliken bei Neugeborenen, emotionale Bauchschmerzen, Kopfschmerzen, Appetitlosigkeit, Schlaflosigkeit bei Kindern und die ungew\u00f6hnlichsten Allergien. Wir alle k\u00f6nnen mit dieser Technik experimentieren, entweder mit den entsprechenden professionellen Instrumenten oder mit einer einfachen Taschenlampe in Stiftform, die mit einer farbigen Plastikfolie abgedeckt ist. Neeresh Pagnamenta, ein Arzt, der seit vielen Jahren die Farbtherapie praktiziert und Eltern unterrichtet, beschreibt, warum farbiges Licht nicht nur auf unseren K\u00f6rper, sondern auch auf unsere Psyche wirkt. Die Krankheiten unserer Kinder, die durch energetische Ungleichgewichte verursacht werden, werden so durch diese sanfte und tiefgreifende Therapie geheilt.<\/p>\n<\/div>","protected":false},"excerpt":{"rendered":"<div id=\"ProductIntroduction-P890\" class=\"GC11 ProductIntroduction\">Dr. Neeresh F. Pagnamenta: Farbtherapie f\u00fcr Kinder<\/div>\n<div id=\"ProductDescription-P890\" class=\"GC12 ProductDescription\">\n<p>Kann ein farbiges Licht ein Kind, das zwanzig Mal in der Nacht aufwacht, zum Schlafen bringen oder die schulischen Leistungen eines Sch\u00fclers zum Erstaunen seiner Eltern und Lehrer verbessern? Dr. Pagnamenta erz\u00e4hlt mit Humor und Leidenschaft, wie er nach einer langen und intensiven beruflichen Laufbahn zu dieser Medizin des \"farbigen Lichts\" gelangt ist.<br \/>\nIn diesem Buch beschreibt er auf einfache Weise, was Chromopunktur ist und wie man sie anwendet. Ein farbiges Licht auf der Haut ist der sanfteste Stich, den man sich vorstellen kann. Dank seiner langj\u00e4hrigen Erfahrung als Kinderarzt erkl\u00e4rt er uns auf einfache Weise die h\u00e4ufigsten Symptome bei gro\u00dfen und kleinen Kindern. Wir haben nun eine Waffe gegen Koliken bei Neugeborenen, emotionale Bauchschmerzen, Kopfschmerzen, Appetitlosigkeit, Schlaflosigkeit bei Kindern und die ungew\u00f6hnlichsten Allergien. Wir alle k\u00f6nnen mit dieser Technik experimentieren, entweder mit den entsprechenden professionellen Instrumenten oder mit einer einfachen Taschenlampe in Stiftform, die mit einer farbigen Plastikfolie abgedeckt ist. Neeresh Pagnamenta, ein Arzt, der seit vielen Jahren die Farbtherapie praktiziert und Eltern unterrichtet, beschreibt, warum farbiges Licht nicht nur auf unseren K\u00f6rper, sondern auch auf unsere Psyche wirkt. Die Krankheiten unserer Kinder, die durch energetische Ungleichgewichte verursacht werden, werden so durch diese sanfte und tiefgreifende Therapie geheilt.<\/p>\n<\/div>","protected":false},"featured_media":173,"comment_status":"open","ping_status":"open","template":"","meta":[],"product_brand":[],"product_cat":[23],"product_tag":[],"class_list":{"0":"post-172","1":"product","2":"type-product","3":"status-publish","4":"has-post-thumbnail","6":"product_cat-livres","8":"first","9":"instock","10":"shipping-taxable","11":"purchasable","12":"product-type-simple"},"_links":{"self":[{"href":"https:\/\/matrixsanos.com\/de\/wp-json\/wp\/v2\/product\/172","targetHints":{"allow":["GET"]}}],"collection":[{"href":"https:\/\/matrixsanos.com\/de\/wp-json\/wp\/v2\/product"}],"about":[{"href":"https:\/\/matrixsanos.com\/de\/wp-json\/wp\/v2\/types\/product"}],"replies":[{"embeddable":true,"href":"https:\/\/matrixsanos.com\/de\/wp-json\/wp\/v2\/comments?post=172"}],"version-history":[{"count":0,"href":"https:\/\/matrixsanos.com\/de\/wp-json\/wp\/v2\/product\/172\/revisions"}],"wp:featuredmedia":[{"embeddable":true,"href":"https:\/\/matrixsanos.com\/de\/wp-json\/wp\/v2\/media\/173"}],"wp:attachment":[{"href":"https:\/\/matrixsanos.com\/de\/wp-json\/wp\/v2\/media?parent=172"}],"wp:term":[{"taxonomy":"product_brand","embeddable":true,"href":"https:\/\/matrixsanos.com\/de\/wp-json\/wp\/v2\/product_brand?post=172"},{"taxonomy":"product_cat","embeddable":true,"href":"https:\/\/matrixsanos.com\/de\/wp-json\/wp\/v2\/product_cat?post=172"},{"taxonomy":"product_tag","embeddable":true,"href":"https:\/\/matrixsanos.com\/de\/wp-json\/wp\/v2\/product_tag?post=172"}],"curies":[{"name":"wp","href":"https:\/\/api.w.org\/{rel}","templated":true}]}}