{"id":170,"date":"2021-04-15T14:22:26","date_gmt":"2021-04-15T14:22:26","guid":{"rendered":"http:\/\/matrixsanos.com\/?post_type=product&#038;p=170"},"modified":"2024-04-06T20:19:10","modified_gmt":"2024-04-06T20:19:10","slug":"dr-f-pagnamenta-children-in-the-light","status":"publish","type":"product","link":"https:\/\/matrixsanos.com\/de\/produkt\/dr-f-pagnamenta-children-in-the-light\/","title":{"rendered":"Dr. F. Pagnamenta: Kinder im Licht"},"content":{"rendered":"<p>Dr. Neeresh F. Pagnamenta wurde 1939 in Lugano\/Schweiz geboren. Er studierte Medizinische Wissenschaften an der Universit\u00e4t Bern und absolvierte seine Facharztausbildung in P\u00e4diatrie in Genf.<br \/>\nEr unterrichtete P\u00e4diatrie und arbeitete ein Jahr lang als Leiter der Kinderabteilung f\u00fcr Infektionskrankheiten und Neonatologie an der Universit\u00e4t von Constantine in Algerien.<\/p>\n<p>1973 wurde er zum Leiter der Kinderabteilung im Kreisspital Locarno\/Schweiz ernannt. In seinen 13 Jahren als Leiter der Abteilung f\u00fchrte er in der ganzen Schweiz zahlreiche Verbesserungen ein. So war seine Abteilung beispielsweise 1974 die erste in der Schweiz, die den Eltern von kranken Kindern unbegrenzte Besuchszeiten gew\u00e4hrte. Au\u00dferdem f\u00fchrte er 1975 zusammen mit Dr. F. Leboyer und der geburtshilflichen Abteilung mit ihrem Leiter Dr. Zarro die \"sanfte Geburt\" ein.<br \/>\nIm Jahr 1983 f\u00fchrte ihn seine pers\u00f6nliche Suche zu dem spirituellen F\u00fchrer Osho.<br \/>\nIm Jahr 1986 gab er seine Position als Abteilungsleiter in Locarno auf. Zwei Jahre sp\u00e4ter traf er in Deutschland Peter Mandel, den Gr\u00fcnder von Energy Emission Analysis und Colourpuncture. Nach ausf\u00fchrlichen Studien in Peter Mandels Seminaren behandelt Dr. Pagnamenta heute Kinder und Erwachsene ausschlie\u00dflich und erfolgreich mit Colourpuncture.<\/p>","protected":false},"excerpt":{"rendered":"<p>Dr. Neeresh F. Pagnamenta wurde 1939 in Lugano\/Schweiz geboren. Er studierte Medizinische Wissenschaften an der Universit\u00e4t Bern und absolvierte seine Facharztausbildung in P\u00e4diatrie in Genf.<br \/>\nEr unterrichtete P\u00e4diatrie und arbeitete ein Jahr lang als Leiter der Kinderabteilung f\u00fcr Infektionskrankheiten und Neonatologie an der Universit\u00e4t von Constantine in Algerien.<\/p>\n<p>1973 wurde er zum Leiter der Kinderabteilung im Kreisspital Locarno\/Schweiz ernannt. In seinen 13 Jahren als Leiter der Abteilung f\u00fchrte er in der ganzen Schweiz zahlreiche Verbesserungen ein. So war seine Abteilung beispielsweise 1974 die erste in der Schweiz, die den Eltern von kranken Kindern unbegrenzte Besuchszeiten gew\u00e4hrte. Au\u00dferdem f\u00fchrte er 1975 zusammen mit Dr. F. Leboyer und der geburtshilflichen Abteilung mit ihrem Leiter Dr. Zarro die \"sanfte Geburt\" ein.<br \/>\nIm Jahr 1983 f\u00fchrte ihn seine pers\u00f6nliche Suche zu dem spirituellen F\u00fchrer Osho.<br \/>\nIm Jahr 1986 gab er seine Position als Abteilungsleiter in Locarno auf. Zwei Jahre sp\u00e4ter traf er in Deutschland Peter Mandel, den Gr\u00fcnder von Energy Emission Analysis und Colourpuncture. Nach ausf\u00fchrlichen Studien in Peter Mandels Seminaren behandelt Dr. Pagnamenta heute Kinder und Erwachsene ausschlie\u00dflich und erfolgreich mit Colourpuncture.<\/p>","protected":false},"featured_media":171,"comment_status":"open","ping_status":"open","template":"","meta":[],"product_brand":[],"product_cat":[23],"product_tag":[],"class_list":{"0":"post-170","1":"product","2":"type-product","3":"status-publish","4":"has-post-thumbnail","6":"product_cat-livres","8":"first","9":"instock","10":"shipping-taxable","11":"purchasable","12":"product-type-simple"},"_links":{"self":[{"href":"https:\/\/matrixsanos.com\/de\/wp-json\/wp\/v2\/product\/170","targetHints":{"allow":["GET"]}}],"collection":[{"href":"https:\/\/matrixsanos.com\/de\/wp-json\/wp\/v2\/product"}],"about":[{"href":"https:\/\/matrixsanos.com\/de\/wp-json\/wp\/v2\/types\/product"}],"replies":[{"embeddable":true,"href":"https:\/\/matrixsanos.com\/de\/wp-json\/wp\/v2\/comments?post=170"}],"version-history":[{"count":0,"href":"https:\/\/matrixsanos.com\/de\/wp-json\/wp\/v2\/product\/170\/revisions"}],"wp:featuredmedia":[{"embeddable":true,"href":"https:\/\/matrixsanos.com\/de\/wp-json\/wp\/v2\/media\/171"}],"wp:attachment":[{"href":"https:\/\/matrixsanos.com\/de\/wp-json\/wp\/v2\/media?parent=170"}],"wp:term":[{"taxonomy":"product_brand","embeddable":true,"href":"https:\/\/matrixsanos.com\/de\/wp-json\/wp\/v2\/product_brand?post=170"},{"taxonomy":"product_cat","embeddable":true,"href":"https:\/\/matrixsanos.com\/de\/wp-json\/wp\/v2\/product_cat?post=170"},{"taxonomy":"product_tag","embeddable":true,"href":"https:\/\/matrixsanos.com\/de\/wp-json\/wp\/v2\/product_tag?post=170"}],"curies":[{"name":"wp","href":"https:\/\/api.w.org\/{rel}","templated":true}]}}