{"id":168,"date":"2021-04-15T14:20:47","date_gmt":"2021-04-15T14:20:47","guid":{"rendered":"http:\/\/matrixsanos.com\/?post_type=product&#038;p=168"},"modified":"2024-04-06T20:16:52","modified_gmt":"2024-04-06T20:16:52","slug":"dr-f-pagnamenta-cromoterapia-di-base","status":"publish","type":"product","link":"https:\/\/matrixsanos.com\/de\/produkt\/dr-f-pagnamenta-cromoterapia-di-base\/","title":{"rendered":"Dr. F. Pagnamenta: Cromoterapia di Base"},"content":{"rendered":"<div id=\"ProductIntroduction-P888\" class=\"GC11 ProductIntroduction\">\n<p>Wie k\u00f6nnen Farben und Licht ein Kleinkind zum Schlafen bringen, wenn es jede Nacht mehrere Stunden wach liegt? ll dottor Pagnamenta erz\u00e4hlt mit Umorismo und Leidenschaft, wie diese Medizin des \"farbigen Lichts\" am Ende eines langen und intensiven Berufslebens zustande gekommen ist.<br \/>\nIn questo manuale di diagnostica pediatrica casalinga, egli descrive in modo semplice e comprensibile alle mamme, cos'\u00e8 et come usare la cromopuntura, la pi\u00f9 dolce delle punture si ottiene con Ia luce colorata irradiandola sulla pelle.<br \/>\nAls langj\u00e4hrig erfahrene P\u00e4diaterin erl\u00e4utert sie einfach die h\u00e4ufigsten Beschwerden bei Kindern und Jugendlichen, f\u00fcr die die moderne Medizin nicht nur keine Erkl\u00e4rung, sondern auch eine wirksame Behandlung bietet: von den Wutanf\u00e4llen des S\u00e4uglings bis zu emotionalen Panikattacken und von den ungew\u00f6hnlichsten Allergien bis zur Schlaflosigkeit.<\/p>\n<p>Come medico che pratica la cromopuntura e la insegna da anni, descrive i motivi per cui la luce colorata agisce non solo sul corpo, ma anche sulla psiche, cambiando in modo dolce e profondo gli squilibri energetici che hanno provocato i disturbi.<br \/>\nAlle k\u00f6nnen diese rivoluzion\u00e4re Therapie entweder mit professionellen, eigens konstruierten Instrumenten oder mit einer einfachen, tastbaren \"Stil\"-Lampe, die mit einem farbigen Kunststoff-Foglietto versehen ist, durchf\u00fchren.<br \/>\nII Iibro wurde von vielen Anekdoten und Erlebnissen von Kindern, die mit dem Cromopuntura behandelt wurden, berichtet: Ihre Rezionen sind oft voller Umorismo und tiefer Emotionen.<\/p>\n<\/div>\n<div id=\"ProductDescription-P888\" class=\"GC12 ProductDescription\">\n<p>Questo libro \u00e8 una nuova edizione dl Cromoterapia per Bambini, rinnovata nei contentti e nella grafica avendo raggiunto l'et\u00e0 adulteta con dieci edizioni in vent'anni di vita.<br \/>\n\u00c8 stato aggiunto un capitolo sull'evoluzione della cromopuntura in questi anni trascorsi, sulle nuove ricerche terapeutiche, sulla diagnosi energetica e sulla descrizione di alcune nuove terapie.<br \/>\nIl titolo \u00e8 stato cambiato perch\u00e9 il precedente portava a pensare che fosse solo dedicato ai bambini mentre le terapie di base descritte concernono sia i bambini sia gli adulti.<\/p>\n<p>Fausto Pagnamenta medico pediatra, pratica la cromopuntura dal 1989 e da allora ne propone i seminari.<br \/>\nHa pubblicato Cromoterapia per Bambini in italiano, tedesco, francese, inglese, portoghese, russo e cinese. Tutto \u00e8 Scritto sulla Pelle in italiano e russo, Dolori e Colori in italiano.<\/p>\n<p><a href=\"http:\/\/www.the-colors.ch\/\" target=\"_blank\" rel=\"noopener\">http:\/\/www.the-colors.ch\/<\/a><\/p>\n<\/div>","protected":false},"excerpt":{"rendered":"<div id=\"ProductIntroduction-P888\" class=\"GC11 ProductIntroduction\">\n<p>Wie k\u00f6nnen Farben und Licht ein Kleinkind zum Schlafen bringen, wenn es jede Nacht mehrere Stunden wach liegt? ll dottor Pagnamenta erz\u00e4hlt mit Umorismo und Leidenschaft, wie diese Medizin des \"farbigen Lichts\" am Ende eines langen und intensiven Berufslebens zustande gekommen ist.<br \/>\nIn questo manuale di diagnostica pediatrica casalinga, egli descrive in modo semplice e comprensibile alle mamme, cos'\u00e8 et come usare la cromopuntura, la pi\u00f9 dolce delle punture si ottiene con Ia luce colorata irradiandola sulla pelle.<br \/>\nAls langj\u00e4hrig erfahrene P\u00e4diaterin erl\u00e4utert sie einfach die h\u00e4ufigsten Beschwerden bei Kindern und Jugendlichen, f\u00fcr die die moderne Medizin nicht nur keine Erkl\u00e4rung, sondern auch eine wirksame Behandlung bietet: von den Wutanf\u00e4llen des S\u00e4uglings bis zu emotionalen Panikattacken und von den ungew\u00f6hnlichsten Allergien bis zur Schlaflosigkeit.<\/p>\n<p>Come medico che pratica la cromopuntura e la insegna da anni, descrive i motivi per cui la luce colorata agisce non solo sul corpo, ma anche sulla psiche, cambiando in modo dolce e profondo gli squilibri energetici che hanno provocato i disturbi.<br \/>\nAlle k\u00f6nnen diese rivoluzion\u00e4re Therapie entweder mit professionellen, eigens konstruierten Instrumenten oder mit einer einfachen, tastbaren \"Stil\"-Lampe, die mit einem farbigen Kunststoff-Foglietto versehen ist, durchf\u00fchren.<br \/>\nII Iibro wurde von vielen Anekdoten und Erlebnissen von Kindern, die mit dem Cromopuntura behandelt wurden, berichtet: Ihre Rezionen sind oft voller Umorismo und tiefer Emotionen.<\/p>\n<\/div>\n<div id=\"ProductDescription-P888\" class=\"GC12 ProductDescription\">\n<p>Questo libro \u00e8 una nuova edizione dl Cromoterapia per Bambini, rinnovata nei contentti e nella grafica avendo raggiunto l'et\u00e0 adulteta con dieci edizioni in vent'anni di vita.<br \/>\n\u00c8 stato aggiunto un capitolo sull'evoluzione della cromopuntura in questi anni trascorsi, sulle nuove ricerche terapeutiche, sulla diagnosi energetica e sulla descrizione di alcune nuove terapie.<br \/>\nIl titolo \u00e8 stato cambiato perch\u00e9 il precedente portava a pensare che fosse solo dedicato ai bambini mentre le terapie di base descritte concernono sia i bambini sia gli adulti.<\/p>\n<p>Fausto Pagnamenta medico pediatra, pratica la cromopuntura dal 1989 e da allora ne propone i seminari.<br \/>\nHa pubblicato Cromoterapia per Bambini in italiano, tedesco, francese, inglese, portoghese, russo e cinese. Tutto \u00e8 Scritto sulla Pelle in italiano e russo, Dolori e Colori in italiano.<\/p>\n<p><a href=\"http:\/\/www.the-colors.ch\/\" target=\"_blank\" rel=\"noopener\">http:\/\/www.the-colors.ch\/<\/a><\/p>\n<\/div>","protected":false},"featured_media":169,"comment_status":"open","ping_status":"open","template":"","meta":[],"product_brand":[],"product_cat":[23],"product_tag":[],"class_list":{"0":"post-168","1":"product","2":"type-product","3":"status-publish","4":"has-post-thumbnail","6":"product_cat-livres","8":"first","9":"instock","10":"shipping-taxable","11":"purchasable","12":"product-type-simple"},"_links":{"self":[{"href":"https:\/\/matrixsanos.com\/de\/wp-json\/wp\/v2\/product\/168","targetHints":{"allow":["GET"]}}],"collection":[{"href":"https:\/\/matrixsanos.com\/de\/wp-json\/wp\/v2\/product"}],"about":[{"href":"https:\/\/matrixsanos.com\/de\/wp-json\/wp\/v2\/types\/product"}],"replies":[{"embeddable":true,"href":"https:\/\/matrixsanos.com\/de\/wp-json\/wp\/v2\/comments?post=168"}],"version-history":[{"count":1,"href":"https:\/\/matrixsanos.com\/de\/wp-json\/wp\/v2\/product\/168\/revisions"}],"predecessor-version":[{"id":695,"href":"https:\/\/matrixsanos.com\/de\/wp-json\/wp\/v2\/product\/168\/revisions\/695"}],"wp:featuredmedia":[{"embeddable":true,"href":"https:\/\/matrixsanos.com\/de\/wp-json\/wp\/v2\/media\/169"}],"wp:attachment":[{"href":"https:\/\/matrixsanos.com\/de\/wp-json\/wp\/v2\/media?parent=168"}],"wp:term":[{"taxonomy":"product_brand","embeddable":true,"href":"https:\/\/matrixsanos.com\/de\/wp-json\/wp\/v2\/product_brand?post=168"},{"taxonomy":"product_cat","embeddable":true,"href":"https:\/\/matrixsanos.com\/de\/wp-json\/wp\/v2\/product_cat?post=168"},{"taxonomy":"product_tag","embeddable":true,"href":"https:\/\/matrixsanos.com\/de\/wp-json\/wp\/v2\/product_tag?post=168"}],"curies":[{"name":"wp","href":"https:\/\/api.w.org\/{rel}","templated":true}]}}